{"id":603,"date":"2025-02-21T12:33:18","date_gmt":"2025-02-21T12:33:18","guid":{"rendered":"https:\/\/elitechef.ee\/?page_id=603"},"modified":"2025-02-21T14:01:37","modified_gmt":"2025-02-21T14:01:37","slug":"private-chef","status":"publish","type":"page","link":"https:\/\/elitechef.ee\/eng\/private-chef\/","title":{"rendered":"Private Chef"},"content":{"rendered":"<div data-elementor-type=\"wp-page\" data-elementor-id=\"603\" class=\"elementor elementor-603\" data-elementor-post-type=\"page\">\n\t\t\t\t<div data-particle_enable=\"false\" data-particle-mobile-disabled=\"false\" class=\"elementor-element elementor-element-1c200f76 e-flex e-con-boxed e-con e-parent\" data-id=\"1c200f76\" data-element_type=\"container\" data-e-type=\"container\" data-settings=\"{&quot;background_background&quot;:&quot;classic&quot;,&quot;background_motion_fx_motion_fx_scrolling&quot;:&quot;yes&quot;,&quot;background_motion_fx_translateY_effect&quot;:&quot;yes&quot;,&quot;background_motion_fx_translateY_direction&quot;:&quot;negative&quot;,&quot;background_motion_fx_translateY_speed&quot;:{&quot;unit&quot;:&quot;px&quot;,&quot;size&quot;:&quot;1&quot;,&quot;sizes&quot;:[]},&quot;background_motion_fx_translateY_affectedRange&quot;:{&quot;unit&quot;:&quot;%&quot;,&quot;size&quot;:&quot;&quot;,&quot;sizes&quot;:{&quot;start&quot;:0,&quot;end&quot;:100}},&quot;background_motion_fx_devices&quot;:[&quot;desktop&quot;,&quot;tablet&quot;,&quot;mobile&quot;]}\">\n\t\t\t\t\t<div class=\"e-con-inner\">\n\t\t<div data-particle_enable=\"false\" data-particle-mobile-disabled=\"false\" class=\"elementor-element elementor-element-b40acd2 e-con-full e-flex e-con e-child\" data-id=\"b40acd2\" data-element_type=\"container\" data-e-type=\"container\">\n\t\t\t\t<div class=\"elementor-element elementor-element-94d5f2b elementor-widget elementor-widget-spacer\" data-id=\"94d5f2b\" data-element_type=\"widget\" data-e-type=\"widget\" data-widget_type=\"spacer.default\">\n\t\t\t\t<div class=\"elementor-widget-container\">\n\t\t\t\t\t\t\t<div class=\"elementor-spacer\">\n\t\t\t<div class=\"elementor-spacer-inner\"><\/div>\n\t\t<\/div>\n\t\t\t\t\t\t<\/div>\n\t\t\t\t<\/div>\n\t\t\t\t<\/div>\n\t\t\t\t<div class=\"elementor-element elementor-element-3ff9c79 elementor-widget elementor-widget-text-editor\" data-id=\"3ff9c79\" data-element_type=\"widget\" data-e-type=\"widget\" data-widget_type=\"text-editor.default\">\n\t\t\t\t<div class=\"elementor-widget-container\">\n\t\t\t\t\t\t\t\t\t<p><em>\"Fine dining is not just about preparing food for me \u2013 it\u2019s an art, where every dish tells its own story.\"<\/em><\/p>\t\t\t\t\t\t\t\t<\/div>\n\t\t\t\t<\/div>\n\t\t\t\t<div class=\"elementor-element elementor-element-c9582a5 elementor-widget elementor-widget-heading\" data-id=\"c9582a5\" data-element_type=\"widget\" data-e-type=\"widget\" data-widget_type=\"heading.default\">\n\t\t\t\t<div class=\"elementor-widget-container\">\n\t\t\t\t\t<h2 class=\"elementor-heading-title elementor-size-default\">Private Chef<\/h2>\t\t\t\t<\/div>\n\t\t\t\t<\/div>\n\t\t\t\t<div class=\"elementor-element elementor-element-b42920b animated-slow elementor-invisible elementor-widget elementor-widget-eael-divider\" data-id=\"b42920b\" data-element_type=\"widget\" data-e-type=\"widget\" data-settings=\"{&quot;_animation&quot;:&quot;fadeInRight&quot;}\" data-widget_type=\"eael-divider.default\">\n\t\t\t\t<div class=\"elementor-widget-container\">\n\t\t\t\t\t\t\t<div class=\"eael-divider-wrap divider-direction-horizontal\">\n\t\t\t\t\t\t\t<div class=\"eael-divider horizontal solid\"><\/div>\n\t\t\t\t\t<\/div>\n\t\t\t\t<\/div>\n\t\t\t\t<\/div>\n\t\t\t\t<div class=\"elementor-element elementor-element-57a1c45 elementor-widget elementor-widget-text-editor\" data-id=\"57a1c45\" data-element_type=\"widget\" data-e-type=\"widget\" data-widget_type=\"text-editor.default\">\n\t\t\t\t<div class=\"elementor-widget-container\">\n\t\t\t\t\t\t\t\t\t<p>I will create a multi-course \u00c0 la Carte menu based on your preferences, full of surprises. The dishes will be complemented with carefully selected drinks, bringing the fine dining experience exactly where you want \u2013 whether it's at home, a country house, a villa, or a private club.<\/p><p>My team consists of true experts in their field, who take care of every detail.<\/p><p data-start=\"528\" data-end=\"719\"><strong data-start=\"528\" data-end=\"553\">COMFORT &amp; FLEXIBILITY<\/strong><br data-start=\"553\" data-end=\"556\" \/>We bring all the necessary equipment and take care of both cooking and service. You and your guests can simply enjoy the evening, without any worries.<\/p><p data-start=\"721\" data-end=\"846\"><strong data-start=\"721\" data-end=\"745\">I BRING THE EXPERIENCE TO YOUR DESIRED LOCATION<\/strong><br data-start=\"745\" data-end=\"748\" \/>My team speaks both Estonian and English, and we also offer private chef services outside of Estonia.<\/p>\t\t\t\t\t\t\t\t<\/div>\n\t\t\t\t<\/div>\n\t\t\t\t<div class=\"elementor-element elementor-element-5169166 elementor-widget elementor-widget-eael-creative-button\" data-id=\"5169166\" data-element_type=\"widget\" data-e-type=\"widget\" data-widget_type=\"eael-creative-button.default\">\n\t\t\t\t<div class=\"elementor-widget-container\">\n\t\t\t\t\t        <div class=\"eael-creative-button-wrapper\">\n\n            <a class=\"eael-creative-button eael-creative-button--default eael-cb-icon-position-\" href=\"https:\/\/elitechef.ee\/eng\/broneeri\/\" data-text=\"Go!\">\n            \t    \n                <div class=\"creative-button-inner\">\n\n                    \n                    <span class=\"cretive-button-text\">Book Now<\/span>\n\n                                    <\/div>\n\t                        <\/a>\n        <\/div>\n        \t\t\t\t<\/div>\n\t\t\t\t<\/div>\n\t\t\t\t\t<\/div>\n\t\t\t\t<\/div>\n\t\t\t\t<\/div>","protected":false},"excerpt":{"rendered":"<p>&#8220;Fine dining pole minu jaoks lihtsalt toidu valmistamine \u2013 see on kunst, kus iga roog jutustab oma loo.&#8221; Private Chef Koostan Sinu soovide j\u00e4rgi mitmek\u00e4igulise A la Carte men\u00fc\u00fc, mis on t\u00e4is \u00fcllatusi. Toidud t\u00e4iendame hoolikalt valitud jookidega ning toome fine dining kogemuse just sinna, kuhu soovid \u2013 olgu see kodu, maakodu, villa v\u00f5i privaatklubi. [&hellip;]<\/p>","protected":false},"author":1,"featured_media":0,"parent":0,"menu_order":0,"comment_status":"closed","ping_status":"closed","template":"elementor_header_footer","meta":{"footnotes":""},"class_list":["post-603","page","type-page","status-publish","hentry"],"aioseo_notices":[],"_links":{"self":[{"href":"https:\/\/elitechef.ee\/eng\/wp-json\/wp\/v2\/pages\/603","targetHints":{"allow":["GET"]}}],"collection":[{"href":"https:\/\/elitechef.ee\/eng\/wp-json\/wp\/v2\/pages"}],"about":[{"href":"https:\/\/elitechef.ee\/eng\/wp-json\/wp\/v2\/types\/page"}],"author":[{"embeddable":true,"href":"https:\/\/elitechef.ee\/eng\/wp-json\/wp\/v2\/users\/1"}],"replies":[{"embeddable":true,"href":"https:\/\/elitechef.ee\/eng\/wp-json\/wp\/v2\/comments?post=603"}],"version-history":[{"count":22,"href":"https:\/\/elitechef.ee\/eng\/wp-json\/wp\/v2\/pages\/603\/revisions"}],"predecessor-version":[{"id":647,"href":"https:\/\/elitechef.ee\/eng\/wp-json\/wp\/v2\/pages\/603\/revisions\/647"}],"wp:attachment":[{"href":"https:\/\/elitechef.ee\/eng\/wp-json\/wp\/v2\/media?parent=603"}],"curies":[{"name":"wp","href":"https:\/\/api.w.org\/{rel}","templated":true}]}}