{"id":26,"date":"2025-02-17T14:10:33","date_gmt":"2025-02-17T14:10:33","guid":{"rendered":"https:\/\/elitechef.ee\/contact-us\/"},"modified":"2026-01-08T15:34:48","modified_gmt":"2026-01-08T15:34:48","slug":"broneeri","status":"publish","type":"page","link":"https:\/\/elitechef.ee\/eng\/broneeri\/","title":{"rendered":"Book Now"},"content":{"rendered":"<div data-elementor-type=\"wp-page\" data-elementor-id=\"26\" class=\"elementor elementor-26\" data-elementor-post-type=\"page\">\n\t\t\t\t<div data-particle_enable=\"false\" data-particle-mobile-disabled=\"false\" class=\"elementor-element elementor-element-daa3d61 e-con-full e-flex e-con e-parent\" data-id=\"daa3d61\" data-element_type=\"container\" data-e-type=\"container\">\n\t\t<div data-particle_enable=\"false\" data-particle-mobile-disabled=\"false\" class=\"elementor-element elementor-element-40394d9 e-con-full e-flex e-con e-child\" data-id=\"40394d9\" data-element_type=\"container\" data-e-type=\"container\" data-settings=\"{&quot;background_background&quot;:&quot;classic&quot;}\">\n\t\t\t\t<div class=\"elementor-element elementor-element-ae6b46b elementor-widget elementor-widget-heading\" data-id=\"ae6b46b\" data-element_type=\"widget\" data-e-type=\"widget\" data-widget_type=\"heading.default\">\n\t\t\t\t<div class=\"elementor-widget-container\">\n\t\t\t\t\t<h2 class=\"elementor-heading-title elementor-size-default\">Book a gourmet dinner<\/h2>\t\t\t\t<\/div>\n\t\t\t\t<\/div>\n\t\t\t\t<div class=\"elementor-element elementor-element-b8beba8 elementor-widget elementor-widget-text-editor\" data-id=\"b8beba8\" data-element_type=\"widget\" data-e-type=\"widget\" data-widget_type=\"text-editor.default\">\n\t\t\t\t<div class=\"elementor-widget-container\">\n\t\t\t\t\t\t\t\t\t<p>The best restaurant is where you are. Book an unforgettable \u00c0 la Carte dinner!<\/p>\t\t\t\t\t\t\t\t<\/div>\n\t\t\t\t<\/div>\n\t\t\t\t<div class=\"elementor-element elementor-element-f63e23d elementor-widget__width-initial elementor-button-align-stretch elementor-widget elementor-widget-form\" data-id=\"f63e23d\" data-element_type=\"widget\" data-e-type=\"widget\" data-settings=\"{&quot;step_next_label&quot;:&quot;Next&quot;,&quot;step_previous_label&quot;:&quot;Previous&quot;,&quot;button_width&quot;:&quot;40&quot;,&quot;step_type&quot;:&quot;number_text&quot;,&quot;step_icon_shape&quot;:&quot;circle&quot;}\" data-widget_type=\"form.default\">\n\t\t\t\t<div class=\"elementor-widget-container\">\n\t\t\t\t\t\t\t<form class=\"elementor-form\" method=\"post\" name=\"Elite Chef\" aria-label=\"Elite Chef\" action=\"\">\n\t\t\t<input type=\"hidden\" name=\"post_id\" value=\"26\"\/>\n\t\t\t<input type=\"hidden\" name=\"form_id\" value=\"f63e23d\"\/>\n\t\t\t<input type=\"hidden\" name=\"referer_title\" value=\"Broneeri - A la Carte Tippkokk Sinu \u00fcritusele kokkama\" \/>\n\n\t\t\t\t\t\t\t<input type=\"hidden\" name=\"queried_id\" value=\"26\"\/>\n\t\t\t\n\t\t\t<div class=\"elementor-form-fields-wrapper elementor-labels-\">\n\t\t\t\t\t\t\t\t<div class=\"elementor-field-type-text elementor-field-group elementor-column elementor-field-group-field_d226890 elementor-col-50\">\n\t\t\t\t\t\t\t\t\t\t\t\t<label for=\"form-field-field_d226890\" class=\"elementor-field-label elementor-screen-only\">\n\t\t\t\t\t\t\t\tName\t\t\t\t\t\t\t<\/label>\n\t\t\t\t\t\t\t\t\t\t\t\t\t\t<input size=\"1\" type=\"text\" name=\"form_fields[field_d226890]\" id=\"form-field-field_d226890\" class=\"elementor-field elementor-size-sm  elementor-field-textual\" placeholder=\"Name\">\n\t\t\t\t\t\t\t\t\t\t\t<\/div>\n\t\t\t\t\t\t\t\t<div class=\"elementor-field-type-email elementor-field-group elementor-column elementor-field-group-email elementor-col-50 elementor-field-required\">\n\t\t\t\t\t\t\t\t\t\t\t\t<label for=\"form-field-email\" class=\"elementor-field-label elementor-screen-only\">\n\t\t\t\t\t\t\t\tE-mail\t\t\t\t\t\t\t<\/label>\n\t\t\t\t\t\t\t\t\t\t\t\t\t\t<input size=\"1\" type=\"email\" name=\"form_fields[email]\" id=\"form-field-email\" class=\"elementor-field elementor-size-sm  elementor-field-textual\" placeholder=\"E-mail\" required=\"required\">\n\t\t\t\t\t\t\t\t\t\t\t<\/div>\n\t\t\t\t\t\t\t\t<div class=\"elementor-field-type-tel elementor-field-group elementor-column elementor-field-group-field_4126d3a elementor-col-50 elementor-field-required\">\n\t\t\t\t\t\t\t\t\t\t\t\t<label for=\"form-field-field_4126d3a\" class=\"elementor-field-label elementor-screen-only\">\n\t\t\t\t\t\t\t\tTelefon\t\t\t\t\t\t\t<\/label>\n\t\t\t\t\t\t\t\t<input size=\"1\" type=\"tel\" name=\"form_fields[field_4126d3a]\" id=\"form-field-field_4126d3a\" class=\"elementor-field elementor-size-sm  elementor-field-textual\" placeholder=\"Telefon\" required=\"required\" pattern=\"[0-9()#&amp;+*-=.]+\" title=\"Only numbers and phone characters (#, -, *, etc) are accepted.\" data-no-translation-title=\"\">\n\n\t\t\t\t\t\t<\/div>\n\t\t\t\t\t\t\t\t<div class=\"elementor-field-type-text elementor-field-group elementor-column elementor-field-group-field_1ef9418 elementor-col-50\">\n\t\t\t\t\t\t\t\t\t\t\t\t<label for=\"form-field-field_1ef9418\" class=\"elementor-field-label elementor-screen-only\">\n\t\t\t\t\t\t\t\tParticipants\t\t\t\t\t\t\t<\/label>\n\t\t\t\t\t\t\t\t\t\t\t\t\t\t<input size=\"1\" type=\"text\" name=\"form_fields[field_1ef9418]\" id=\"form-field-field_1ef9418\" class=\"elementor-field elementor-size-sm  elementor-field-textual\" placeholder=\"Participants\">\n\t\t\t\t\t\t\t\t\t\t\t<\/div>\n\t\t\t\t\t\t\t\t<div class=\"elementor-field-type-date elementor-field-group elementor-column elementor-field-group-name elementor-col-50\">\n\t\t\t\t\t\t\t\t\t\t\t\t<label for=\"form-field-name\" class=\"elementor-field-label elementor-screen-only\">\n\t\t\t\t\t\t\t\tDate\t\t\t\t\t\t\t<\/label>\n\t\t\t\t\t\t\n\t\t<input type=\"date\" name=\"form_fields[name]\" id=\"form-field-name\" class=\"elementor-field elementor-size-sm  elementor-field-textual elementor-date-field\" placeholder=\"Date\" pattern=\"[0-9]{4}-[0-9]{2}-[0-9]{2}\">\n\t\t\t\t\t\t<\/div>\n\t\t\t\t\t\t\t\t<div class=\"elementor-field-type-text elementor-field-group elementor-column elementor-field-group-field_145a9fd elementor-col-50\">\n\t\t\t\t\t\t\t\t\t\t\t\t<label for=\"form-field-field_145a9fd\" class=\"elementor-field-label elementor-screen-only\">\n\t\t\t\t\t\t\t\tTime\t\t\t\t\t\t\t<\/label>\n\t\t\t\t\t\t\t\t\t\t\t\t\t\t<input size=\"1\" type=\"text\" name=\"form_fields[field_145a9fd]\" id=\"form-field-field_145a9fd\" class=\"elementor-field elementor-size-sm  elementor-field-textual\" placeholder=\"Time\">\n\t\t\t\t\t\t\t\t\t\t\t<\/div>\n\t\t\t\t\t\t\t\t<div class=\"elementor-field-type-text elementor-field-group elementor-column elementor-field-group-field_9b517ef elementor-col-50\">\n\t\t\t\t\t\t\t\t\t\t\t\t<label for=\"form-field-field_9b517ef\" class=\"elementor-field-label elementor-screen-only\">\n\t\t\t\t\t\t\t\tLocation\t\t\t\t\t\t\t<\/label>\n\t\t\t\t\t\t\t\t\t\t\t\t\t\t<input size=\"1\" type=\"text\" name=\"form_fields[field_9b517ef]\" id=\"form-field-field_9b517ef\" class=\"elementor-field elementor-size-sm  elementor-field-textual\" placeholder=\"Location\">\n\t\t\t\t\t\t\t\t\t\t\t<\/div>\n\t\t\t\t\t\t\t\t<div class=\"elementor-field-type-radio elementor-field-group elementor-column elementor-field-group-field_cac0c40 elementor-col-50\">\n\t\t\t\t\t\t\t\t\t\t\t\t<label for=\"form-field-field_cac0c40\" class=\"elementor-field-label elementor-screen-only\">\n\t\t\t\t\t\t\t\tJoogivalik\t\t\t\t\t\t\t<\/label>\n\t\t\t\t\t\t<div class=\"elementor-field-subgroup\"><span class=\"elementor-field-option\"><input type=\"radio\" value=\"Sobitatud joogivalik\" id=\"form-field-field_cac0c40-0\" name=\"form_fields[field_cac0c40]\"> <label for=\"form-field-field_cac0c40-0\">Paired drink selection<\/label><\/span><span class=\"elementor-field-option\"><input type=\"radio\" value=\"N\u00fcanss Baar\" id=\"form-field-field_cac0c40-1\" name=\"form_fields[field_cac0c40]\"> <label for=\"form-field-field_cac0c40-1\">N\u00fcanss Baar<\/label><\/span><\/div>\t\t\t\t<\/div>\n\t\t\t\t\t\t\t\t<div class=\"elementor-field-type-select elementor-field-group elementor-column elementor-field-group-field_a359f74 elementor-col-50 elementor-field-type-select-multiple\">\n\t\t\t\t\t\t\t\t\t\t\t\t<label for=\"form-field-field_a359f74\" class=\"elementor-field-label elementor-screen-only\">\n\t\t\t\t\t\t\t\tK\u00e4igud\t\t\t\t\t\t\t<\/label>\n\t\t\t\t\t\t\t\t<div class=\"elementor-field elementor-select-wrapper remove-before\">\n\t\t\t<div class=\"select-caret-down-wrapper\">\n\t\t\t\t\t\t\t<\/div>\n\t\t\t<select name=\"form_fields[field_a359f74][]\" id=\"form-field-field_a359f74\" class=\"elementor-field-textual elementor-size-sm\" multiple=\"\">\n\t\t\t\t\t\t\t\t\t<option value=\"3-k\u00e4iguline A la Carte men\u00fc\u00fc\">3-course A la Carte menu<\/option>\n\t\t\t\t\t\t\t\t\t<option value=\"4-k\u00e4iguline A la Carte men\u00fc\u00fc\">4-course A la Carte menu<\/option>\n\t\t\t\t\t\t\t\t\t<option value=\"5-k\u00e4iguline A la Carte men\u00fc\u00fc\">5-course A la Carte menu<\/option>\n\t\t\t\t\t\t\t\t\t<option value=\"6-k\u00e4iguline A la Carte men\u00fc\u00fc\">6-course A la Carte menu<\/option>\n\t\t\t\t\t\t\t\t\t<option value=\"7-k\u00e4iguline A la Carte men\u00fc\u00fc\">7-course A la Carte menu<\/option>\n\t\t\t\t\t\t\t\t\t<option value=\"Kutsu mind \u00fcritusele grillima\">Invite me to grill at your event<\/option>\n\t\t\t\t\t\t\t\t\t<option value=\"Soovin buffee men\u00fc\u00fcd\">Buffet Menu<\/option>\n\t\t\t\t\t\t\t<\/select>\n\t\t<\/div>\n\t\t\t\t\t\t<\/div>\n\t\t\t\t\t\t\t\t<div class=\"elementor-field-type-textarea elementor-field-group elementor-column elementor-field-group-field_4d615ea elementor-col-100\">\n\t\t\t\t\t\t\t\t\t\t\t\t<label for=\"form-field-field_4d615ea\" class=\"elementor-field-label elementor-screen-only\">\n\t\t\t\t\t\t\t\tExtra information\t\t\t\t\t\t\t<\/label>\n\t\t\t\t\t\t<textarea class=\"elementor-field-textual elementor-field  elementor-size-sm\" name=\"form_fields[field_4d615ea]\" id=\"form-field-field_4d615ea\" rows=\"2\" placeholder=\"Extra information\"><\/textarea>\t\t\t\t<\/div>\n\t\t\t\t\t\t\t\t<div class=\"elementor-field-type-recaptcha_v3 elementor-field-group elementor-column elementor-field-group-field_039a3d2 elementor-col-100 recaptcha_v3-bottomright\">\n\t\t\t\t\t<div class=\"elementor-field\" id=\"form-field-field_039a3d2\"><div class=\"elementor-g-recaptcha\" data-sitekey=\"6LdMBt0qAAAAAOdA2OyMtKG2NOdFhaAD3sV7DEYI\" data-type=\"v3\" data-action=\"Form\" data-badge=\"bottomright\" data-size=\"invisible\"><\/div><\/div>\t\t\t\t<\/div>\n\t\t\t\t\t\t\t\t<div class=\"elementor-field-group elementor-column elementor-field-type-submit elementor-col-40 e-form__buttons\">\n\t\t\t\t\t<button class=\"elementor-button elementor-size-sm\" type=\"submit\">\n\t\t\t\t\t\t<span class=\"elementor-button-content-wrapper\">\n\t\t\t\t\t\t\t\t\t\t\t\t\t\t\t\t\t\t\t\t\t\t<span class=\"elementor-button-text\">SEND YOUR REQUEST<\/span>\n\t\t\t\t\t\t\t\t\t\t\t\t\t<\/span>\n\t\t\t\t\t<\/button>\n\t\t\t\t<\/div>\n\t\t\t<\/div>\n\t\t<input type=\"hidden\" name=\"trp-form-language\" value=\"eng\"\/><\/form>\n\t\t\t\t\t\t<\/div>\n\t\t\t\t<\/div>\n\t\t\t\t<\/div>\n\t\t<div data-particle_enable=\"false\" data-particle-mobile-disabled=\"false\" class=\"elementor-element elementor-element-755e288 e-con-full e-flex e-con e-child\" data-id=\"755e288\" data-element_type=\"container\" data-e-type=\"container\" data-settings=\"{&quot;background_background&quot;:&quot;classic&quot;}\">\n\t\t\t\t<div class=\"elementor-element elementor-element-74f7088 elementor-hidden-desktop elementor-hidden-tablet elementor-widget elementor-widget-video\" data-id=\"74f7088\" data-element_type=\"widget\" data-e-type=\"widget\" data-settings=\"{&quot;video_type&quot;:&quot;hosted&quot;,&quot;start&quot;:0,&quot;autoplay&quot;:&quot;yes&quot;,&quot;play_on_mobile&quot;:&quot;yes&quot;,&quot;mute&quot;:&quot;yes&quot;,&quot;loop&quot;:&quot;yes&quot;}\" data-widget_type=\"video.default\">\n\t\t\t\t<div class=\"elementor-widget-container\">\n\t\t\t\t\t\t\t<div class=\"e-hosted-video elementor-wrapper elementor-open-inline\">\n\t\t\t\t\t<video class=\"elementor-video\" src=\"https:\/\/elitechef.ee\/wp-content\/uploads\/2025\/06\/1000010876.mp4\" autoplay=\"\" loop=\"\" muted=\"muted\" playsinline=\"\" controlslist=\"nodownload\"><\/video>\n\t\t\t\t<\/div>\n\t\t\t\t\t\t<\/div>\n\t\t\t\t<\/div>\n\t\t\t\t<div class=\"elementor-element elementor-element-5c1c7f2 elementor-hidden-tablet elementor-hidden-mobile elementor-widget elementor-widget-video\" data-id=\"5c1c7f2\" data-element_type=\"widget\" data-e-type=\"widget\" data-settings=\"{&quot;video_type&quot;:&quot;hosted&quot;,&quot;start&quot;:0,&quot;autoplay&quot;:&quot;yes&quot;,&quot;play_on_mobile&quot;:&quot;yes&quot;,&quot;mute&quot;:&quot;yes&quot;,&quot;loop&quot;:&quot;yes&quot;}\" data-widget_type=\"video.default\">\n\t\t\t\t<div class=\"elementor-widget-container\">\n\t\t\t\t\t\t\t<div class=\"e-hosted-video elementor-wrapper elementor-open-inline\">\n\t\t\t\t\t<video class=\"elementor-video\" src=\"https:\/\/elitechef.ee\/wp-content\/uploads\/2025\/06\/1000010876.mp4\" autoplay=\"\" loop=\"\" muted=\"muted\" playsinline=\"\" controlslist=\"nodownload\"><\/video>\n\t\t\t\t<\/div>\n\t\t\t\t\t\t<\/div>\n\t\t\t\t<\/div>\n\t\t\t\t<\/div>\n\t\t\t\t<\/div>\n\t\t\t\t<\/div>","protected":false},"excerpt":{"rendered":"<p>Broneeri Gurmee\u00f5htus\u00f6\u00f6k Parim restoran on see, kus oled sina ise. Broneeri omale unustamatu A la Carte \u00f5htus\u00f6\u00f6k! https:\/\/elitechef.ee\/wp-content\/uploads\/2025\/06\/1000010876.mp4https:\/\/elitechef.ee\/wp-content\/uploads\/2025\/06\/1000010876.mp4<\/p>","protected":false},"author":1,"featured_media":0,"parent":0,"menu_order":0,"comment_status":"closed","ping_status":"closed","template":"","meta":{"footnotes":""},"class_list":["post-26","page","type-page","status-publish","hentry"],"aioseo_notices":[],"_links":{"self":[{"href":"https:\/\/elitechef.ee\/eng\/wp-json\/wp\/v2\/pages\/26","targetHints":{"allow":["GET"]}}],"collection":[{"href":"https:\/\/elitechef.ee\/eng\/wp-json\/wp\/v2\/pages"}],"about":[{"href":"https:\/\/elitechef.ee\/eng\/wp-json\/wp\/v2\/types\/page"}],"author":[{"embeddable":true,"href":"https:\/\/elitechef.ee\/eng\/wp-json\/wp\/v2\/users\/1"}],"replies":[{"embeddable":true,"href":"https:\/\/elitechef.ee\/eng\/wp-json\/wp\/v2\/comments?post=26"}],"version-history":[{"count":63,"href":"https:\/\/elitechef.ee\/eng\/wp-json\/wp\/v2\/pages\/26\/revisions"}],"predecessor-version":[{"id":783,"href":"https:\/\/elitechef.ee\/eng\/wp-json\/wp\/v2\/pages\/26\/revisions\/783"}],"wp:attachment":[{"href":"https:\/\/elitechef.ee\/eng\/wp-json\/wp\/v2\/media?parent=26"}],"curies":[{"name":"wp","href":"https:\/\/api.w.org\/{rel}","templated":true}]}}